{"id":578,"date":"2023-04-27T12:50:29","date_gmt":"2023-04-27T16:50:29","guid":{"rendered":"https:\/\/colegioconcepciontalca.cl\/?page_id=578"},"modified":"2025-03-10T18:20:07","modified_gmt":"2025-03-10T21:20:07","slug":"guia-adquisicion-licencia-o-material-fisico-editorial-santillana","status":"publish","type":"page","link":"https:\/\/colegioconcepciontalca.cl\/index.php\/guia-adquisicion-licencia-o-material-fisico-editorial-santillana\/","title":{"rendered":"Gu\u00eda adquisici\u00f3n Licencia o material f\u00edsico Editorial Santillana 2025"},"content":{"rendered":"<!--themify_builder_content-->\n<div id=\"themify_builder_content-578\" data-postid=\"578\" class=\"themify_builder_content themify_builder_content-578 themify_builder tf_clear\">\n    \t<!-- module_row -->\n\t<div  data-lazy=\"1\" class=\"module_row themify_builder_row tb_5o39986 tb_first tf_clearfix\">\n\t    \t\t<div class=\"row_inner col_align_top tf_box tf_w tf_rel\">\n\t\t\t<div  data-lazy=\"1\" class=\"module_column tb-column col-full first tb_c8uj987 tf_box\">\n\t    \t    \t        <div class=\"tb-column-inner tf_box tf_w\">\n\t\t    <!-- module text -->\n<div  class=\"module module-text tb_cmrh1   \" data-lazy=\"1\">\n            <div  class=\"tb_text_wrap\">\n    <p>Querida comunidad, adjuntamos un peque\u00f1o video de ayuda para ingresar y realizar su compra:<\/p><p><a href=\"https:\/\/www.youtube.com\/watch?v=sSuQKJ-xhog\">LINK DIRECTO YOUTUBE<\/a><\/p>    <\/div>\n<\/div>\n<!-- \/module text -->\t        <\/div>\n\t    \t<\/div>\n\t\t    <\/div>\n\t    <!-- \/row_inner -->\n\t<\/div>\n\t<!-- \/module_row -->\n\t\t<!-- module_row -->\n\t<div  data-lazy=\"1\" class=\"module_row themify_builder_row tb_bqk31 tf_clearfix\">\n\t    \t\t<div class=\"row_inner col_align_top tf_box tf_w tf_rel\">\n\t\t\t<div  data-lazy=\"1\" class=\"module_column tb-column col-full first tb_8anf1 tf_box\">\n\t    \t    \t        <div class=\"tb-column-inner tf_box tf_w\">\n\t\t    <!-- module video -->\n<div  class=\"module module-video tb_tz2q16 video-top  \" data-lazy=\"1\" data-url=\"https:\/\/www.youtube.com\/watch?v=sSuQKJ-xhog\">\n    \t\t\t\t\t\t<div class=\"video-wrap-outer\">\n\t\t<div class=\"video-wrap tf_rel tf_overflow\">\n\t\t\t\t\t<\/div>\n\t\t<!-- \/video-wrap -->\n\t\t<\/div>\n\t\t<!-- \/video-wrap-outer -->\n\t\t\t<\/div>\n\t        <\/div>\n\t    \t<\/div>\n\t\t    <\/div>\n\t    <!-- \/row_inner -->\n\t<\/div>\n\t<!-- \/module_row -->\n\t\t<!-- module_row -->\n\t<div  data-lazy=\"1\" class=\"module_row themify_builder_row tb_1ytn111 tf_clearfix\">\n\t    \t\t<div class=\"row_inner col_align_top tf_box tf_w tf_rel\">\n\t\t\t<div  data-lazy=\"1\" class=\"module_column tb-column col-full first tb_0ao2112 tf_box\">\n\t    \t    \t        <div class=\"tb-column-inner tf_box tf_w\">\n\t\t    <!-- module text -->\n<div  class=\"module module-text tb_izmd127   \" data-lazy=\"1\">\n            <div  class=\"tb_text_wrap\">\n    <p>Gu\u00eda resumida:<\/p><p>1.- Ingrese a<span>\u00a0<\/span><strong><a href=\"https:\/\/pagos.santillanacompartir.cl\/\" target=\"_blank\" rel=\"noopener\">https:\/\/pagos.santillanacompartir.cl<\/a><\/strong><\/p><p>2.- Si ya es usuario, ingrese con su correo y contrase\u00f1a. Si a\u00fan no lo es deber\u00e1 crear un perfil a trav\u00e9s del proceso de registro, completando toda la informaci\u00f3n solicitada (si no ha recibido el mail de creaci\u00f3n de contrase\u00f1a, revise la bandeja spam).<\/p><p>3.- Seleccione la opci\u00f3n del proyecto elegido por el establecimiento, por ejemplo:<\/p><p>4.- Aqu\u00ed podr\u00e1 acceder a las opciones de compra y realizar el pago.<\/p><p>Felicitaciones, \u00a1ya eres parte del mundo de soluciones y contenidos Compartir! Pr\u00f3ximamente te enviaremos, en conjunto con el Colegio, las credenciales de acceso del alumno(a).<\/p><p>Tener en cuenta:<br \/>&#8211; El sistema de compra dispone de opci\u00f3n de pago hasta 10 cuotas precio contado con tarjeta de cr\u00e9dito (exceptuando Falabella).<\/p><p>&#8211; Ante cualquier inquietud y seguimiento de pedido podr\u00e1s comunicarte al chatbot que encontrar\u00e1s en santillanacompartir.cl<\/p><p>Fuente: Editorial Santillana<\/p>    <\/div>\n<\/div>\n<!-- \/module text -->\t        <\/div>\n\t    \t<\/div>\n\t\t    <\/div>\n\t    <!-- \/row_inner -->\n\t<\/div>\n\t<!-- \/module_row -->\n\t<\/div>\n<!--\/themify_builder_content--><!-- AddThis Advanced Settings generic via filter on the_content --><!-- AddThis Share Buttons generic via filter on the_content -->","protected":false},"excerpt":{"rendered":"<p>Querida comunidad, adjuntamos un peque\u00f1o video de ayuda para ingresar y realizar su compra:LINK DIRECTO YOUTUBE<!-- AddThis Advanced Settings generic via filter on get_the_excerpt --><!-- AddThis Share Buttons generic via filter on get_the_excerpt --><\/p>\n","protected":false},"author":1,"featured_media":1365,"parent":0,"menu_order":0,"comment_status":"closed","ping_status":"closed","template":"","meta":{"footnotes":""},"class_list":["post-578","page","type-page","status-publish","has-post-thumbnail","hentry","has-post-title","has-post-date","has-post-category","has-post-tag","has-post-comment","has-post-author",""],"builder_content":"<p>Querida comunidad, adjuntamos un peque\u00f1o video de ayuda para ingresar y realizar su compra:<\/p><p><a href=\"https:\/\/www.youtube.com\/watch?v=sSuQKJ-xhog\">LINK DIRECTO YOUTUBE<\/a><\/p>\n\n<p>Gu\u00eda resumida:<\/p><p>1.- Ingrese a\u00a0<strong><a href=\"https:\/\/pagos.santillanacompartir.cl\/\" target=\"_blank\" rel=\"noopener\">https:\/\/pagos.santillanacompartir.cl<\/a><\/strong><\/p><p>2.- Si ya es usuario, ingrese con su correo y contrase\u00f1a. Si a\u00fan no lo es deber\u00e1 crear un perfil a trav\u00e9s del proceso de registro, completando toda la informaci\u00f3n solicitada (si no ha recibido el mail de creaci\u00f3n de contrase\u00f1a, revise la bandeja spam).<\/p><p>3.- Seleccione la opci\u00f3n del proyecto elegido por el establecimiento, por ejemplo:<\/p><p>4.- Aqu\u00ed podr\u00e1 acceder a las opciones de compra y realizar el pago.<\/p><p>Felicitaciones, \u00a1ya eres parte del mundo de soluciones y contenidos Compartir! Pr\u00f3ximamente te enviaremos, en conjunto con el Colegio, las credenciales de acceso del alumno(a).<\/p><p>Tener en cuenta:<br \/>- El sistema de compra dispone de opci\u00f3n de pago hasta 10 cuotas precio contado con tarjeta de cr\u00e9dito (exceptuando Falabella).<\/p><p>- Ante cualquier inquietud y seguimiento de pedido podr\u00e1s comunicarte al chatbot que encontrar\u00e1s en santillanacompartir.cl<\/p><p>Fuente: Editorial Santillana<\/p>","_links":{"self":[{"href":"https:\/\/colegioconcepciontalca.cl\/index.php\/wp-json\/wp\/v2\/pages\/578","targetHints":{"allow":["GET"]}}],"collection":[{"href":"https:\/\/colegioconcepciontalca.cl\/index.php\/wp-json\/wp\/v2\/pages"}],"about":[{"href":"https:\/\/colegioconcepciontalca.cl\/index.php\/wp-json\/wp\/v2\/types\/page"}],"author":[{"embeddable":true,"href":"https:\/\/colegioconcepciontalca.cl\/index.php\/wp-json\/wp\/v2\/users\/1"}],"replies":[{"embeddable":true,"href":"https:\/\/colegioconcepciontalca.cl\/index.php\/wp-json\/wp\/v2\/comments?post=578"}],"version-history":[{"count":20,"href":"https:\/\/colegioconcepciontalca.cl\/index.php\/wp-json\/wp\/v2\/pages\/578\/revisions"}],"predecessor-version":[{"id":15567,"href":"https:\/\/colegioconcepciontalca.cl\/index.php\/wp-json\/wp\/v2\/pages\/578\/revisions\/15567"}],"wp:featuredmedia":[{"embeddable":true,"href":"https:\/\/colegioconcepciontalca.cl\/index.php\/wp-json\/wp\/v2\/media\/1365"}],"wp:attachment":[{"href":"https:\/\/colegioconcepciontalca.cl\/index.php\/wp-json\/wp\/v2\/media?parent=578"}],"curies":[{"name":"wp","href":"https:\/\/api.w.org\/{rel}","templated":true}]}}