{"id":143,"date":"2023-04-24T22:12:11","date_gmt":"2023-04-25T01:12:11","guid":{"rendered":"http:\/\/conce23.colegioconcepciontalca.cl\/?page_id=143"},"modified":"2025-01-02T11:46:31","modified_gmt":"2025-01-02T14:46:31","slug":"extracto-del-proyecto-educativo","status":"publish","type":"page","link":"https:\/\/colegioconcepciontalca.cl\/index.php\/extracto-del-proyecto-educativo\/","title":{"rendered":"Extracto del proyecto educativo"},"content":{"rendered":"<!--themify_builder_content-->\n<div id=\"themify_builder_content-143\" data-postid=\"143\" class=\"themify_builder_content themify_builder_content-143 themify_builder tf_clear\">\n    \t<!-- module_row -->\n\t<div  data-lazy=\"1\" class=\"module_row themify_builder_row tb_sdxf166 tb_first tf_clearfix\">\n\t    \t\t<div class=\"row_inner col_align_top tf_box tf_w tf_rel\">\n\t\t\t<div  data-lazy=\"1\" class=\"module_column tb-column col-full first tb_d8o7166 tf_box\">\n\t    \t    \t        <div class=\"tb-column-inner tf_box tf_w\">\n\t\t    <!-- module text -->\n<div  class=\"module module-text tb_q0r8169   \" data-lazy=\"1\">\n            <div  class=\"tb_text_wrap\">\n    <h2 style=\"text-align: center;\"><strong><img loading=\"lazy\" decoding=\"async\" src=\"https:\/\/colegioconcepciontalca.cl\/wp-content\/uploads\/2023\/04\/LOGO_CCT_TRANSPARENTE-150x150.png\" alt=\"\" width=\"150\" height=\"150\" \/><\/strong><\/h2><h2 style=\"text-align: center;\"><strong>EXTRACTO DEL PROYECTO EDUCATIVO<\/strong><\/h2><p>El sentido o fin \u00faltimo de cualquier organizaci\u00f3n escolar tiene que ver con la capacidad de desarrollar en sus integrantes competencias\/habilidades cognitivas, emocionales y relacionales que permitan la construcci\u00f3n de aprendizajes significativos y dotados de sentido, a lo largo de toda su vida, orientados a la integraci\u00f3n y participaci\u00f3n social.<\/p><p>Este prop\u00f3sito es posible de lograr en plenitud siempre que se den acciones y condiciones para crear y promover un ecosistema escolar que permita la positiva interacci\u00f3n entre todos sus integrantes. Principalmente, entre el maestro\/a que ejerce como generador y mediador de experiencias de aprendizaje y el Aprendiz; quien, a partir de lo propuesto, ensaya y ejecuta, como agente activo y reflexivo del proceso de aprendizaje, posibles respuestas individuales y\/o grupales con las cuales construye un repertorio cognitivo y socioemocional que le permita responder apropiadamente a los\u00a0diversos entornos sociales en los que participa e interviene. Con este prop\u00f3sito, como un espacio de ensayo y error para aprender a participar en sociedad, es que se dise\u00f1a este ecosistema que funciona como contexto situado para cada uno\/a de nuestros\/as estudiantes, a fin de facilitarles el acceso a un conjunto de saberes y formas culturales que se consideran esenciales para integrarse en la sociedad en la que se encuentran inmersos, de una manera activa, constructiva y cr\u00edtica; resulta as\u00ed un lugar co-formador de los\/las estudiantes, junto a las familias y equipo de profesionales y asistentes, en un marco fraternal y tolerante que garantice el respeto mutuo a la expresi\u00f3n de ideas, puntos de vista y opiniones divergentes para desarrollar la libertad de conciencia, la autonom\u00eda individual y la autorregulaci\u00f3n del propio comportamiento con el objeto de crear condiciones para una convivencia basada en valores fundados en el Humanismo Laico, libremente declarados y aceptados por toda la comunidad educativa.<\/p><p>Sobre este fundamento el Colegio Concepci\u00f3n Talca aspira a constituir una comunidad educativa que se distinga por su sello en el cual se equilibran la excelencia acad\u00e9mica y una s\u00f3lida formaci\u00f3n en valores de sustento Humanista Laico, es decir, abierta a la libre expresi\u00f3n de ideas, respetuosa de la diversidad social y autorregulada en su convivencia.<\/p><p style=\"text-align: center;\"><strong><em>Extracto AGENDA ESTUDIANTIL COLEGIO CONCPECION TALCA 2023, P\u00e1gina 6.<\/em><\/strong><\/p><p><\/p><h5 style=\"text-align: center;\"><strong>Colegio Concepci\u00f3n Talca<\/strong><\/h5><p><img decoding=\"async\" title=\"AGUILA FONDO TRANSPARENTE PNG\" src=\"https:\/\/colegioconcepciontalca.cl\/wp-content\/uploads\/elementor\/thumbs\/AGUILA-FONDO-TRANSPARENTE-PNG-q5s7ooxlo4bx2qxe4w2857smo2hp7qxomxawqy8rmk.png\" alt=\"AGUILA FONDO TRANSPARENTE PNG\" class=\"aligncenter\" \/><\/p>    <\/div>\n<\/div>\n<!-- \/module text -->\t        <\/div>\n\t    \t<\/div>\n\t\t    <\/div>\n\t    <!-- \/row_inner -->\n\t<\/div>\n\t<!-- \/module_row -->\n\t<\/div>\n<!--\/themify_builder_content-->\n\n\n<p><\/p><!-- AddThis Advanced Settings generic via filter on the_content --><!-- AddThis Share Buttons generic via filter on the_content -->","protected":false},"excerpt":{"rendered":"<p><!-- AddThis Advanced Settings generic via filter on get_the_excerpt --><!-- AddThis Share Buttons generic via filter on get_the_excerpt --><\/p>\n","protected":false},"author":1,"featured_media":210,"parent":0,"menu_order":0,"comment_status":"closed","ping_status":"closed","template":"","meta":{"footnotes":""},"class_list":["post-143","page","type-page","status-publish","has-post-thumbnail","hentry","has-post-title","has-post-date","has-post-category","has-post-tag","has-post-comment","has-post-author",""],"builder_content":"<h2 style=\"text-align: center;\"><strong><img loading=\"lazy\" decoding=\"async\" src=\"https:\/\/colegioconcepciontalca.cl\/wp-content\/uploads\/2023\/04\/LOGO_CCT_TRANSPARENTE-150x150.png\" alt=\"\" width=\"150\" height=\"150\" \/><\/strong><\/h2><h2 style=\"text-align: center;\"><strong>EXTRACTO DEL PROYECTO EDUCATIVO<\/strong><\/h2><p>El sentido o fin \u00faltimo de cualquier organizaci\u00f3n escolar tiene que ver con la capacidad de desarrollar en sus integrantes competencias\/habilidades cognitivas, emocionales y relacionales que permitan la construcci\u00f3n de aprendizajes significativos y dotados de sentido, a lo largo de toda su vida, orientados a la integraci\u00f3n y participaci\u00f3n social.<\/p><p>Este prop\u00f3sito es posible de lograr en plenitud siempre que se den acciones y condiciones para crear y promover un ecosistema escolar que permita la positiva interacci\u00f3n entre todos sus integrantes. Principalmente, entre el maestro\/a que ejerce como generador y mediador de experiencias de aprendizaje y el Aprendiz; quien, a partir de lo propuesto, ensaya y ejecuta, como agente activo y reflexivo del proceso de aprendizaje, posibles respuestas individuales y\/o grupales con las cuales construye un repertorio cognitivo y socioemocional que le permita responder apropiadamente a los\u00a0diversos entornos sociales en los que participa e interviene. Con este prop\u00f3sito, como un espacio de ensayo y error para aprender a participar en sociedad, es que se dise\u00f1a este ecosistema que funciona como contexto situado para cada uno\/a de nuestros\/as estudiantes, a fin de facilitarles el acceso a un conjunto de saberes y formas culturales que se consideran esenciales para integrarse en la sociedad en la que se encuentran inmersos, de una manera activa, constructiva y cr\u00edtica; resulta as\u00ed un lugar co-formador de los\/las estudiantes, junto a las familias y equipo de profesionales y asistentes, en un marco fraternal y tolerante que garantice el respeto mutuo a la expresi\u00f3n de ideas, puntos de vista y opiniones divergentes para desarrollar la libertad de conciencia, la autonom\u00eda individual y la autorregulaci\u00f3n del propio comportamiento con el objeto de crear condiciones para una convivencia basada en valores fundados en el Humanismo Laico, libremente declarados y aceptados por toda la comunidad educativa.<\/p><p>Sobre este fundamento el Colegio Concepci\u00f3n Talca aspira a constituir una comunidad educativa que se distinga por su sello en el cual se equilibran la excelencia acad\u00e9mica y una s\u00f3lida formaci\u00f3n en valores de sustento Humanista Laico, es decir, abierta a la libre expresi\u00f3n de ideas, respetuosa de la diversidad social y autorregulada en su convivencia.<\/p><p style=\"text-align: center;\"><strong><em>Extracto AGENDA ESTUDIANTIL COLEGIO CONCPECION TALCA 2023, P\u00e1gina 6.<\/em><\/strong><\/p><p><\/p><h5 style=\"text-align: center;\"><strong>Colegio Concepci\u00f3n Talca<\/strong><\/h5><p><img decoding=\"async\" title=\"AGUILA FONDO TRANSPARENTE PNG\" src=\"https:\/\/colegioconcepciontalca.cl\/wp-content\/uploads\/elementor\/thumbs\/AGUILA-FONDO-TRANSPARENTE-PNG-q5s7ooxlo4bx2qxe4w2857smo2hp7qxomxawqy8rmk.png\" alt=\"AGUILA FONDO TRANSPARENTE PNG\" \/><\/p>","_links":{"self":[{"href":"https:\/\/colegioconcepciontalca.cl\/index.php\/wp-json\/wp\/v2\/pages\/143","targetHints":{"allow":["GET"]}}],"collection":[{"href":"https:\/\/colegioconcepciontalca.cl\/index.php\/wp-json\/wp\/v2\/pages"}],"about":[{"href":"https:\/\/colegioconcepciontalca.cl\/index.php\/wp-json\/wp\/v2\/types\/page"}],"author":[{"embeddable":true,"href":"https:\/\/colegioconcepciontalca.cl\/index.php\/wp-json\/wp\/v2\/users\/1"}],"replies":[{"embeddable":true,"href":"https:\/\/colegioconcepciontalca.cl\/index.php\/wp-json\/wp\/v2\/comments?post=143"}],"version-history":[{"count":49,"href":"https:\/\/colegioconcepciontalca.cl\/index.php\/wp-json\/wp\/v2\/pages\/143\/revisions"}],"predecessor-version":[{"id":15348,"href":"https:\/\/colegioconcepciontalca.cl\/index.php\/wp-json\/wp\/v2\/pages\/143\/revisions\/15348"}],"wp:featuredmedia":[{"embeddable":true,"href":"https:\/\/colegioconcepciontalca.cl\/index.php\/wp-json\/wp\/v2\/media\/210"}],"wp:attachment":[{"href":"https:\/\/colegioconcepciontalca.cl\/index.php\/wp-json\/wp\/v2\/media?parent=143"}],"curies":[{"name":"wp","href":"https:\/\/api.w.org\/{rel}","templated":true}]}}